{"id":219,"date":"2024-05-20T07:54:44","date_gmt":"2024-05-20T05:54:44","guid":{"rendered":"https:\/\/demosites.royal-elementor-addons.com\/graphic-nature-v1\/?page_id=8"},"modified":"2025-10-30T11:41:46","modified_gmt":"2025-10-30T10:41:46","slug":"sobre-nosotros","status":"publish","type":"page","link":"https:\/\/circularcamper.es\/en\/sobre-nosotros\/","title":{"rendered":"About us"},"content":{"rendered":"<div data-elementor-type=\"wp-page\" data-elementor-id=\"219\" class=\"elementor elementor-219\">\n\t\t\t\t<div class=\"elementor-element elementor-element-1b32b76 e-flex e-con-boxed wpr-particle-no wpr-jarallax-no wpr-parallax-no wpr-sticky-section-no e-con e-parent\" data-id=\"1b32b76\" data-element_type=\"container\" data-settings=\"{&quot;background_background&quot;:&quot;classic&quot;}\">\n\t\t\t\t\t<div class=\"e-con-inner\">\n\t\t\t\t<div class=\"elementor-element elementor-element-3ce9f70 elementor-widget elementor-widget-heading\" data-id=\"3ce9f70\" data-element_type=\"widget\" data-widget_type=\"heading.default\">\n\t\t\t\t\t<h1 class=\"elementor-heading-title elementor-size-default\">El taller camper de confianza en Girona<\/h1>\t\t\t\t<\/div>\n\t\t\t\t\t<\/div>\n\t\t\t\t<\/div>\n\t\t<div class=\"elementor-element elementor-element-15715ee e-flex e-con-boxed wpr-particle-no wpr-jarallax-no wpr-parallax-no wpr-sticky-section-no e-con e-parent\" data-id=\"15715ee\" data-element_type=\"container\">\n\t\t\t\t\t<div class=\"e-con-inner\">\n\t\t<div class=\"elementor-element elementor-element-4f219e8 e-flex e-con-boxed wpr-particle-no wpr-jarallax-no wpr-parallax-no wpr-sticky-section-no elementor-invisible e-con e-child\" data-id=\"4f219e8\" data-element_type=\"container\" data-settings=\"{&quot;animation&quot;:&quot;slideInLeft&quot;}\">\n\t\t\t\t\t<div class=\"e-con-inner\">\n\t\t\t\t<div class=\"elementor-element elementor-element-4c8c662 elementor-widget elementor-widget-image\" data-id=\"4c8c662\" data-element_type=\"widget\" data-widget_type=\"image.default\">\n\t\t\t\t\t\t\t\t\t\t\t\t\t\t\t<img fetchpriority=\"high\" decoding=\"async\" width=\"1360\" height=\"1020\" src=\"https:\/\/circularcamper.es\/wp-content\/uploads\/2025\/10\/WhatsApp-Image-2025-10-27-at-12.06.52-3.jpeg\" class=\"attachment-full size-full wp-image-721\" alt=\"Furgoneta camper lista en taller camper Girona, lista para la aventura\" srcset=\"https:\/\/circularcamper.es\/wp-content\/uploads\/2025\/10\/WhatsApp-Image-2025-10-27-at-12.06.52-3.jpeg 1360w, https:\/\/circularcamper.es\/wp-content\/uploads\/2025\/10\/WhatsApp-Image-2025-10-27-at-12.06.52-3-300x225.jpeg 300w, https:\/\/circularcamper.es\/wp-content\/uploads\/2025\/10\/WhatsApp-Image-2025-10-27-at-12.06.52-3-1024x768.jpeg 1024w, https:\/\/circularcamper.es\/wp-content\/uploads\/2025\/10\/WhatsApp-Image-2025-10-27-at-12.06.52-3-768x576.jpeg 768w\" sizes=\"(max-width: 1360px) 100vw, 1360px\" \/>\t\t\t\t\t\t\t\t\t\t\t\t\t\t\t<\/div>\n\t\t\t\t\t<\/div>\n\t\t\t\t<\/div>\n\t\t<div class=\"elementor-element elementor-element-131d9e2 e-flex e-con-boxed wpr-particle-no wpr-jarallax-no wpr-parallax-no wpr-sticky-section-no elementor-invisible e-con e-child\" data-id=\"131d9e2\" data-element_type=\"container\" data-settings=\"{&quot;animation&quot;:&quot;slideInRight&quot;}\">\n\t\t\t\t\t<div class=\"e-con-inner\">\n\t\t\t\t<div class=\"elementor-element elementor-element-5dbd780 elementor-widget elementor-widget-heading\" data-id=\"5dbd780\" data-element_type=\"widget\" data-widget_type=\"heading.default\">\n\t\t\t\t\t<h2 class=\"elementor-heading-title elementor-size-default\">La pasi\u00f3n por el mundo camper<\/h2>\t\t\t\t<\/div>\n\t\t\t\t<div class=\"elementor-element elementor-element-7a89fe6 elementor-widget elementor-widget-text-editor\" data-id=\"7a89fe6\" data-element_type=\"widget\" data-widget_type=\"text-editor.default\">\n\t\t\t\t\t\t\t\t\t<p>At <strong data-start=\"495\" data-end=\"514\">Circular Camper<\/strong>, from <strong data-start=\"522\" data-end=\"539\">Sils (Girona)<\/strong>, we transform vans into <strong data-start=\"569\" data-end=\"604\">real homes on wheels<\/strong>. We specialise in <strong data-start=\"628\" data-end=\"675\">camperizaci\u00f3n de furgonetas y autocaravanas<\/strong>, combinando <strong data-start=\"688\" data-end=\"735\">experiencia, calidad y atenci\u00f3n profesional<\/strong> para que cada veh\u00edculo est\u00e9 seguro, c\u00f3modo y listo para la carretera.<\/p>\t\t\t\t\t\t\t\t<\/div>\n\t\t\t\t\t<\/div>\n\t\t\t\t<\/div>\n\t\t\t\t\t<\/div>\n\t\t\t\t<\/div>\n\t\t<div class=\"elementor-element elementor-element-5b495fd e-flex e-con-boxed wpr-particle-no wpr-jarallax-no wpr-parallax-no wpr-sticky-section-no e-con e-parent\" data-id=\"5b495fd\" data-element_type=\"container\">\n\t\t\t\t\t<div class=\"e-con-inner\">\n\t\t<div class=\"elementor-element elementor-element-3003bd9 e-flex e-con-boxed wpr-particle-no wpr-jarallax-no wpr-parallax-no wpr-sticky-section-no elementor-invisible e-con e-child\" data-id=\"3003bd9\" data-element_type=\"container\" data-settings=\"{&quot;animation&quot;:&quot;slideInLeft&quot;}\">\n\t\t\t\t\t<div class=\"e-con-inner\">\n\t\t\t\t<div class=\"elementor-element elementor-element-f3beaf3 elementor-widget elementor-widget-image\" data-id=\"f3beaf3\" data-element_type=\"widget\" data-widget_type=\"image.default\">\n\t\t\t\t\t\t\t\t\t\t\t\t\t\t\t<img decoding=\"async\" width=\"1360\" height=\"1017\" src=\"https:\/\/circularcamper.es\/wp-content\/uploads\/2025\/10\/WhatsApp-Image-2025-10-27-at-12.06.52-1.jpeg\" class=\"attachment-full size-full wp-image-723\" alt=\"Proceso de camperizaci\u00f3n en taller camper Girona, instalaci\u00f3n profesional de accesorios\" srcset=\"https:\/\/circularcamper.es\/wp-content\/uploads\/2025\/10\/WhatsApp-Image-2025-10-27-at-12.06.52-1.jpeg 1360w, https:\/\/circularcamper.es\/wp-content\/uploads\/2025\/10\/WhatsApp-Image-2025-10-27-at-12.06.52-1-300x224.jpeg 300w, https:\/\/circularcamper.es\/wp-content\/uploads\/2025\/10\/WhatsApp-Image-2025-10-27-at-12.06.52-1-1024x766.jpeg 1024w, https:\/\/circularcamper.es\/wp-content\/uploads\/2025\/10\/WhatsApp-Image-2025-10-27-at-12.06.52-1-768x574.jpeg 768w\" sizes=\"(max-width: 1360px) 100vw, 1360px\" \/>\t\t\t\t\t\t\t\t\t\t\t\t\t\t\t<\/div>\n\t\t\t\t\t<\/div>\n\t\t\t\t<\/div>\n\t\t<div class=\"elementor-element elementor-element-d7ff462 e-flex e-con-boxed wpr-particle-no wpr-jarallax-no wpr-parallax-no wpr-sticky-section-no elementor-invisible e-con e-child\" data-id=\"d7ff462\" data-element_type=\"container\" data-settings=\"{&quot;animation&quot;:&quot;slideInRight&quot;}\">\n\t\t\t\t\t<div class=\"e-con-inner\">\n\t\t\t\t<div class=\"elementor-element elementor-element-97de9d6 elementor-widget elementor-widget-heading\" data-id=\"97de9d6\" data-element_type=\"widget\" data-widget_type=\"heading.default\">\n\t\t\t\t\t<h2 class=\"elementor-heading-title elementor-size-default\">Nuestra filosof\u00eda<\/h2>\t\t\t\t<\/div>\n\t\t\t\t<div class=\"elementor-element elementor-element-f855257 elementor-widget elementor-widget-text-editor\" data-id=\"f855257\" data-element_type=\"widget\" data-widget_type=\"text-editor.default\">\n\t\t\t\t\t\t\t\t\t<p>Cada furgoneta que pasa por nuestro taller recibe un <strong data-start=\"1173\" data-end=\"1205\">trato personalizado y seguro<\/strong>. Cada instalaci\u00f3n y accesorio est\u00e1 pensado para <strong data-start=\"1254\" data-end=\"1303\">garantizar durabilidad, comodidad y seguridad<\/strong>, desde la instalaci\u00f3n de <strong data-start=\"1329\" data-end=\"1352\">claraboyas y toldos<\/strong> hasta sistemas de <strong data-start=\"1371\" data-end=\"1406\">agua, electricidad e inversores<\/strong>. Nuestro objetivo es que cada proyecto sea <strong data-start=\"1450\" data-end=\"1491\">funcional y adaptado a su propietario<\/strong>.<\/p>\t\t\t\t\t\t\t\t<\/div>\n\t\t\t\t\t<\/div>\n\t\t\t\t<\/div>\n\t\t\t\t\t<\/div>\n\t\t\t\t<\/div>\n\t\t<div class=\"elementor-element elementor-element-790d8d2 e-flex e-con-boxed wpr-particle-no wpr-jarallax-no wpr-parallax-no wpr-sticky-section-no e-con e-parent\" data-id=\"790d8d2\" data-element_type=\"container\">\n\t\t\t\t\t<div class=\"e-con-inner\">\n\t\t<div class=\"elementor-element elementor-element-59473c1 e-flex e-con-boxed wpr-particle-no wpr-jarallax-no wpr-parallax-no wpr-sticky-section-no elementor-invisible e-con e-child\" data-id=\"59473c1\" data-element_type=\"container\" data-settings=\"{&quot;animation&quot;:&quot;slideInLeft&quot;}\">\n\t\t\t\t\t<div class=\"e-con-inner\">\n\t\t\t\t<div class=\"elementor-element elementor-element-fc2c01b elementor-widget elementor-widget-image\" data-id=\"fc2c01b\" data-element_type=\"widget\" data-widget_type=\"image.default\">\n\t\t\t\t\t\t\t\t\t\t\t\t\t\t\t<img decoding=\"async\" width=\"1360\" height=\"1020\" src=\"https:\/\/circularcamper.es\/wp-content\/uploads\/2025\/10\/WhatsApp-Image-2025-10-27-at-12.06.52-5.jpeg\" class=\"attachment-full size-full wp-image-764\" alt=\"Furgoneta camper lista en taller camper Girona, lista para la aventura\" srcset=\"https:\/\/circularcamper.es\/wp-content\/uploads\/2025\/10\/WhatsApp-Image-2025-10-27-at-12.06.52-5.jpeg 1360w, https:\/\/circularcamper.es\/wp-content\/uploads\/2025\/10\/WhatsApp-Image-2025-10-27-at-12.06.52-5-300x225.jpeg 300w, https:\/\/circularcamper.es\/wp-content\/uploads\/2025\/10\/WhatsApp-Image-2025-10-27-at-12.06.52-5-1024x768.jpeg 1024w, https:\/\/circularcamper.es\/wp-content\/uploads\/2025\/10\/WhatsApp-Image-2025-10-27-at-12.06.52-5-768x576.jpeg 768w\" sizes=\"(max-width: 1360px) 100vw, 1360px\" \/>\t\t\t\t\t\t\t\t\t\t\t\t\t\t\t<\/div>\n\t\t\t\t\t<\/div>\n\t\t\t\t<\/div>\n\t\t<div class=\"elementor-element elementor-element-d72a84e e-flex e-con-boxed wpr-particle-no wpr-jarallax-no wpr-parallax-no wpr-sticky-section-no elementor-invisible e-con e-child\" data-id=\"d72a84e\" data-element_type=\"container\" data-settings=\"{&quot;animation&quot;:&quot;slideInRight&quot;}\">\n\t\t\t\t\t<div class=\"e-con-inner\">\n\t\t\t\t<div class=\"elementor-element elementor-element-f3b831b elementor-widget elementor-widget-heading\" data-id=\"f3b831b\" data-element_type=\"widget\" data-widget_type=\"heading.default\">\n\t\t\t\t\t<h2 class=\"elementor-heading-title elementor-size-default\">Nuestro equipo<\/h2>\t\t\t\t<\/div>\n\t\t\t\t<div class=\"elementor-element elementor-element-ee80e39 elementor-widget elementor-widget-text-editor\" data-id=\"ee80e39\" data-element_type=\"widget\" data-widget_type=\"text-editor.default\">\n\t\t\t\t\t\t\t\t\t<p>Our team combines <strong data-start=\"1705\" data-end=\"1758\">experiencia t\u00e9cnica y pasi\u00f3n por la camperizaci\u00f3n<\/strong>. Acompa\u00f1amos a cada cliente <strong data-start=\"1787\" data-end=\"1802\">paso a paso<\/strong>, desde la asesor\u00eda inicial hasta la entrega del veh\u00edculo, ofreciendo <strong data-start=\"1872\" data-end=\"1931\">consejos sobre instalaciones, mantenimiento y seguridad<\/strong>.<br \/><br \/>Para conocer todos nuestros servicios, visita nuestro <a class=\"decorated-link\" href=\"https:\/\/circularcamper.es\/en\/taller-camperizacion-girona\/\" target=\"_new\" rel=\"noopener\" data-start=\"2020\" data-end=\"2094\">taller en Girona<\/a><\/p>\t\t\t\t\t\t\t\t<\/div>\n\t\t\t\t\t<\/div>\n\t\t\t\t<\/div>\n\t\t\t\t\t<\/div>\n\t\t\t\t<\/div>\n\t\t<div class=\"elementor-element elementor-element-b1cf994 e-flex e-con-boxed wpr-particle-no wpr-jarallax-no wpr-parallax-no wpr-sticky-section-no e-con e-parent\" data-id=\"b1cf994\" data-element_type=\"container\">\n\t\t\t\t\t<div class=\"e-con-inner\">\n\t\t<div class=\"elementor-element elementor-element-5b95c48 e-flex e-con-boxed wpr-particle-no wpr-jarallax-no wpr-parallax-no wpr-sticky-section-no elementor-invisible e-con e-child\" data-id=\"5b95c48\" data-element_type=\"container\" data-settings=\"{&quot;animation&quot;:&quot;slideInLeft&quot;}\">\n\t\t\t\t\t<div class=\"e-con-inner\">\n\t\t\t\t<div class=\"elementor-element elementor-element-c790f25 elementor-widget elementor-widget-image\" data-id=\"c790f25\" data-element_type=\"widget\" data-widget_type=\"image.default\">\n\t\t\t\t\t\t\t\t\t\t\t\t\t\t\t<img loading=\"lazy\" decoding=\"async\" width=\"1360\" height=\"1020\" src=\"https:\/\/circularcamper.es\/wp-content\/uploads\/2025\/10\/WhatsApp-Image-2025-10-27-at-12.06.52-6.jpeg\" class=\"attachment-full size-full wp-image-763\" alt=\"Equipo del taller camper en Girona, especialistas en furgonetas camperizadas\" srcset=\"https:\/\/circularcamper.es\/wp-content\/uploads\/2025\/10\/WhatsApp-Image-2025-10-27-at-12.06.52-6.jpeg 1360w, https:\/\/circularcamper.es\/wp-content\/uploads\/2025\/10\/WhatsApp-Image-2025-10-27-at-12.06.52-6-300x225.jpeg 300w, https:\/\/circularcamper.es\/wp-content\/uploads\/2025\/10\/WhatsApp-Image-2025-10-27-at-12.06.52-6-1024x768.jpeg 1024w, https:\/\/circularcamper.es\/wp-content\/uploads\/2025\/10\/WhatsApp-Image-2025-10-27-at-12.06.52-6-768x576.jpeg 768w\" sizes=\"(max-width: 1360px) 100vw, 1360px\" \/>\t\t\t\t\t\t\t\t\t\t\t\t\t\t\t<\/div>\n\t\t\t\t\t<\/div>\n\t\t\t\t<\/div>\n\t\t<div class=\"elementor-element elementor-element-4804dfa e-flex e-con-boxed wpr-particle-no wpr-jarallax-no wpr-parallax-no wpr-sticky-section-no elementor-invisible e-con e-child\" data-id=\"4804dfa\" data-element_type=\"container\" data-settings=\"{&quot;animation&quot;:&quot;slideInRight&quot;}\">\n\t\t\t\t\t<div class=\"e-con-inner\">\n\t\t\t\t<div class=\"elementor-element elementor-element-e33746d elementor-widget elementor-widget-heading\" data-id=\"e33746d\" data-element_type=\"widget\" data-widget_type=\"heading.default\">\n\t\t\t\t\t<h2 class=\"elementor-heading-title elementor-size-default\">Nuestras instalaciones en Girona<\/h2>\t\t\t\t<\/div>\n\t\t\t\t<div class=\"elementor-element elementor-element-7b4d5ba elementor-widget elementor-widget-text-editor\" data-id=\"7b4d5ba\" data-element_type=\"widget\" data-widget_type=\"text-editor.default\">\n\t\t\t\t\t\t\t\t\t<p data-start=\"2266\" data-end=\"2481\">Contamos con un <strong data-start=\"2295\" data-end=\"2329\">taller propio en Sils (Girona)<\/strong> donde realizamos <strong data-start=\"2347\" data-end=\"2394\">camperizaci\u00f3n de furgonetas y autocaravanas<\/strong>. Aqu\u00ed garantizamos <strong data-start=\"2414\" data-end=\"2466\">instalaciones de calidad, seguridad y eficiencia<\/strong>, incluyendo:<\/p><ul data-start=\"2483\" data-end=\"2670\"><li data-start=\"2483\" data-end=\"2530\"><p data-start=\"2485\" data-end=\"2530\">Montaje de <strong data-start=\"2496\" data-end=\"2528\">claraboyas y ventanas camper<\/strong><\/p><\/li><li data-start=\"2531\" data-end=\"2578\"><p data-start=\"2533\" data-end=\"2578\">Instalaci\u00f3n de <strong data-start=\"2548\" data-end=\"2576\">toldos y portabicicletas<\/strong><\/p><\/li><li data-start=\"2579\" data-end=\"2621\"><p data-start=\"2581\" data-end=\"2621\">Sistemas de <strong data-start=\"2593\" data-end=\"2619\">agua, bombas y boilers<\/strong><\/p><\/li><li data-start=\"2622\" data-end=\"2670\"><p data-start=\"2624\" data-end=\"2670\">Instalaci\u00f3n de <strong data-start=\"2639\" data-end=\"2668\">inversores y electricidad<\/strong><\/p><\/li><\/ul>\t\t\t\t\t\t\t\t<\/div>\n\t\t\t\t\t<\/div>\n\t\t\t\t<\/div>\n\t\t\t\t\t<\/div>\n\t\t\t\t<\/div>\n\t\t\t\t<\/div>","protected":false},"excerpt":{"rendered":"<p>El taller camper de confianza en Girona La pasi\u00f3n por el mundo camper En Circular Camper, desde Sils (Girona), transformamos furgonetas en aut\u00e9nticos hogares sobre ruedas. Nos especializamos en camperizaci\u00f3n de furgonetas y autocaravanas, combinando experiencia, calidad y atenci\u00f3n profesional para que cada veh\u00edculo est\u00e9 seguro, c\u00f3modo y listo para la carretera. Nuestra filosof\u00eda Cada furgoneta que pasa por nuestro taller recibe un trato personalizado y seguro. Cada instalaci\u00f3n y accesorio est\u00e1 pensado para garantizar durabilidad, comodidad y seguridad, desde la instalaci\u00f3n de claraboyas y toldos hasta sistemas de agua, electricidad e inversores. Nuestro objetivo es que cada proyecto sea funcional y adaptado a su propietario. Nuestro equipo Nuestro equipo combina experiencia t\u00e9cnica y pasi\u00f3n por la camperizaci\u00f3n. Acompa\u00f1amos a cada cliente paso a paso, desde la asesor\u00eda inicial hasta la entrega del veh\u00edculo, ofreciendo consejos sobre instalaciones, mantenimiento y seguridad. Para conocer todos nuestros servicios, visita nuestro taller en Girona Nuestras instalaciones en Girona Contamos con un taller propio en Sils (Girona) donde realizamos camperizaci\u00f3n de furgonetas y autocaravanas. Aqu\u00ed garantizamos instalaciones de calidad, seguridad y eficiencia, incluyendo: Montaje de claraboyas y ventanas camper Instalaci\u00f3n de toldos y portabicicletas Sistemas de agua, bombas y boilers Instalaci\u00f3n de inversores y electricidad<\/p>","protected":false},"author":1,"featured_media":0,"parent":0,"menu_order":0,"comment_status":"closed","ping_status":"closed","template":"elementor_canvas","meta":{"_joinchat":[],"footnotes":""},"class_list":["post-219","page","type-page","status-publish","hentry"],"yoast_head":"<!-- This site is optimized with the Yoast SEO plugin v26.2 - https:\/\/yoast.com\/wordpress\/plugins\/seo\/ -->\n<title>Sobre Circular Camper | Taller y camperizaci\u00f3n en Girona<\/title>\n<meta name=\"description\" content=\"Conoce a Circular Camper, especialistas en camperizaci\u00f3n de furgonetas y autocaravanas en Girona y la Costa Brava. Experiencia, seguridad y atenci\u00f3n profesional.\" \/>\n<meta name=\"robots\" content=\"index, follow, max-snippet:-1, max-image-preview:large, max-video-preview:-1\" \/>\n<link rel=\"canonical\" href=\"https:\/\/circularcamper.es\/en\/sobre-nosotros\/\" \/>\n<meta property=\"og:locale\" content=\"en_GB\" \/>\n<meta property=\"og:type\" content=\"article\" \/>\n<meta property=\"og:title\" content=\"Sobre Circular Camper | Taller y camperizaci\u00f3n en Girona\" \/>\n<meta property=\"og:description\" content=\"Conoce a Circular Camper, especialistas en camperizaci\u00f3n de furgonetas y autocaravanas en Girona y la Costa Brava. Experiencia, seguridad y atenci\u00f3n profesional.\" \/>\n<meta property=\"og:url\" content=\"https:\/\/circularcamper.es\/en\/sobre-nosotros\/\" \/>\n<meta property=\"og:site_name\" content=\"CircularCamper\" \/>\n<meta property=\"article:modified_time\" content=\"2025-10-30T10:41:46+00:00\" \/>\n<meta property=\"og:image\" content=\"https:\/\/circularcamper.es\/wp-content\/uploads\/2025\/10\/WhatsApp-Image-2025-10-27-at-12.06.52-3.jpeg\" \/>\n\t<meta property=\"og:image:width\" content=\"1360\" \/>\n\t<meta property=\"og:image:height\" content=\"1020\" \/>\n\t<meta property=\"og:image:type\" content=\"image\/jpeg\" \/>\n<meta name=\"twitter:card\" content=\"summary_large_image\" \/>\n<meta name=\"twitter:label1\" content=\"Estimated reading time\" \/>\n\t<meta name=\"twitter:data1\" content=\"1 minute\" \/>\n<script type=\"application\/ld+json\" class=\"yoast-schema-graph\">{\"@context\":\"https:\/\/schema.org\",\"@graph\":[{\"@type\":\"WebPage\",\"@id\":\"https:\/\/circularcamper.es\/sobre-nosotros\/\",\"url\":\"https:\/\/circularcamper.es\/sobre-nosotros\/\",\"name\":\"Sobre Circular Camper | Taller y camperizaci\u00f3n en Girona\",\"isPartOf\":{\"@id\":\"https:\/\/circularcamper.es\/#website\"},\"primaryImageOfPage\":{\"@id\":\"https:\/\/circularcamper.es\/sobre-nosotros\/#primaryimage\"},\"image\":{\"@id\":\"https:\/\/circularcamper.es\/sobre-nosotros\/#primaryimage\"},\"thumbnailUrl\":\"https:\/\/circularcamper.es\/wp-content\/uploads\/2025\/10\/WhatsApp-Image-2025-10-27-at-12.06.52-3.jpeg\",\"datePublished\":\"2024-05-20T05:54:44+00:00\",\"dateModified\":\"2025-10-30T10:41:46+00:00\",\"description\":\"Conoce a Circular Camper, especialistas en camperizaci\u00f3n de furgonetas y autocaravanas en Girona y la Costa Brava. Experiencia, seguridad y atenci\u00f3n profesional.\",\"breadcrumb\":{\"@id\":\"https:\/\/circularcamper.es\/sobre-nosotros\/#breadcrumb\"},\"inLanguage\":\"en-GB\",\"potentialAction\":[{\"@type\":\"ReadAction\",\"target\":[\"https:\/\/circularcamper.es\/sobre-nosotros\/\"]}]},{\"@type\":\"ImageObject\",\"inLanguage\":\"en-GB\",\"@id\":\"https:\/\/circularcamper.es\/sobre-nosotros\/#primaryimage\",\"url\":\"https:\/\/circularcamper.es\/wp-content\/uploads\/2025\/10\/WhatsApp-Image-2025-10-27-at-12.06.52-3.jpeg\",\"contentUrl\":\"https:\/\/circularcamper.es\/wp-content\/uploads\/2025\/10\/WhatsApp-Image-2025-10-27-at-12.06.52-3.jpeg\"},{\"@type\":\"BreadcrumbList\",\"@id\":\"https:\/\/circularcamper.es\/sobre-nosotros\/#breadcrumb\",\"itemListElement\":[{\"@type\":\"ListItem\",\"position\":1,\"name\":\"Portada\",\"item\":\"https:\/\/circularcamper.es\/\"},{\"@type\":\"ListItem\",\"position\":2,\"name\":\"Sobre Nosotros\"}]},{\"@type\":\"WebSite\",\"@id\":\"https:\/\/circularcamper.es\/#website\",\"url\":\"https:\/\/circularcamper.es\/\",\"name\":\"CircularCamper\",\"description\":\"\u201cInstalaci\u00f3n r\u00e1pida y profesional de accesorios camper en la Costa Brava: toldos, calefacciones, placas solares y m\u00e1s.\",\"publisher\":{\"@id\":\"https:\/\/circularcamper.es\/#organization\"},\"potentialAction\":[{\"@type\":\"SearchAction\",\"target\":{\"@type\":\"EntryPoint\",\"urlTemplate\":\"https:\/\/circularcamper.es\/?s={search_term_string}\"},\"query-input\":{\"@type\":\"PropertyValueSpecification\",\"valueRequired\":true,\"valueName\":\"search_term_string\"}}],\"inLanguage\":\"en-GB\"},{\"@type\":\"Organization\",\"@id\":\"https:\/\/circularcamper.es\/#organization\",\"name\":\"CircularCamper\",\"url\":\"https:\/\/circularcamper.es\/\",\"logo\":{\"@type\":\"ImageObject\",\"inLanguage\":\"en-GB\",\"@id\":\"https:\/\/circularcamper.es\/#\/schema\/logo\/image\/\",\"url\":\"https:\/\/circularcamper.es\/wp-content\/uploads\/2024\/05\/cropped-logo_jpg-removebg-preview.png\",\"contentUrl\":\"https:\/\/circularcamper.es\/wp-content\/uploads\/2024\/05\/cropped-logo_jpg-removebg-preview.png\",\"width\":512,\"height\":512,\"caption\":\"CircularCamper\"},\"image\":{\"@id\":\"https:\/\/circularcamper.es\/#\/schema\/logo\/image\/\"}}]}<\/script>\n<!-- \/ Yoast SEO plugin. -->","yoast_head_json":{"title":"Sobre Circular Camper | Taller y camperizaci\u00f3n en Girona","description":"Conoce a Circular Camper, especialistas en camperizaci\u00f3n de furgonetas y autocaravanas en Girona y la Costa Brava. Experiencia, seguridad y atenci\u00f3n profesional.","robots":{"index":"index","follow":"follow","max-snippet":"max-snippet:-1","max-image-preview":"max-image-preview:large","max-video-preview":"max-video-preview:-1"},"canonical":"https:\/\/circularcamper.es\/en\/sobre-nosotros\/","og_locale":"en_GB","og_type":"article","og_title":"Sobre Circular Camper | Taller y camperizaci\u00f3n en Girona","og_description":"Conoce a Circular Camper, especialistas en camperizaci\u00f3n de furgonetas y autocaravanas en Girona y la Costa Brava. Experiencia, seguridad y atenci\u00f3n profesional.","og_url":"https:\/\/circularcamper.es\/en\/sobre-nosotros\/","og_site_name":"CircularCamper","article_modified_time":"2025-10-30T10:41:46+00:00","og_image":[{"width":1360,"height":1020,"url":"https:\/\/circularcamper.es\/wp-content\/uploads\/2025\/10\/WhatsApp-Image-2025-10-27-at-12.06.52-3.jpeg","type":"image\/jpeg"}],"twitter_card":"summary_large_image","twitter_misc":{"Estimated reading time":"1 minute"},"schema":{"@context":"https:\/\/schema.org","@graph":[{"@type":"WebPage","@id":"https:\/\/circularcamper.es\/sobre-nosotros\/","url":"https:\/\/circularcamper.es\/sobre-nosotros\/","name":"Sobre Circular Camper | Taller y camperizaci\u00f3n en Girona","isPartOf":{"@id":"https:\/\/circularcamper.es\/#website"},"primaryImageOfPage":{"@id":"https:\/\/circularcamper.es\/sobre-nosotros\/#primaryimage"},"image":{"@id":"https:\/\/circularcamper.es\/sobre-nosotros\/#primaryimage"},"thumbnailUrl":"https:\/\/circularcamper.es\/wp-content\/uploads\/2025\/10\/WhatsApp-Image-2025-10-27-at-12.06.52-3.jpeg","datePublished":"2024-05-20T05:54:44+00:00","dateModified":"2025-10-30T10:41:46+00:00","description":"Conoce a Circular Camper, especialistas en camperizaci\u00f3n de furgonetas y autocaravanas en Girona y la Costa Brava. Experiencia, seguridad y atenci\u00f3n profesional.","breadcrumb":{"@id":"https:\/\/circularcamper.es\/sobre-nosotros\/#breadcrumb"},"inLanguage":"en-GB","potentialAction":[{"@type":"ReadAction","target":["https:\/\/circularcamper.es\/sobre-nosotros\/"]}]},{"@type":"ImageObject","inLanguage":"en-GB","@id":"https:\/\/circularcamper.es\/sobre-nosotros\/#primaryimage","url":"https:\/\/circularcamper.es\/wp-content\/uploads\/2025\/10\/WhatsApp-Image-2025-10-27-at-12.06.52-3.jpeg","contentUrl":"https:\/\/circularcamper.es\/wp-content\/uploads\/2025\/10\/WhatsApp-Image-2025-10-27-at-12.06.52-3.jpeg"},{"@type":"BreadcrumbList","@id":"https:\/\/circularcamper.es\/sobre-nosotros\/#breadcrumb","itemListElement":[{"@type":"ListItem","position":1,"name":"Portada","item":"https:\/\/circularcamper.es\/"},{"@type":"ListItem","position":2,"name":"Sobre Nosotros"}]},{"@type":"WebSite","@id":"https:\/\/circularcamper.es\/#website","url":"https:\/\/circularcamper.es\/","name":"CircularCamper","description":"\u201cInstalaci\u00f3n r\u00e1pida y profesional de accesorios camper en la Costa Brava: toldos, calefacciones, placas solares y m\u00e1s.","publisher":{"@id":"https:\/\/circularcamper.es\/#organization"},"potentialAction":[{"@type":"SearchAction","target":{"@type":"EntryPoint","urlTemplate":"https:\/\/circularcamper.es\/?s={search_term_string}"},"query-input":{"@type":"PropertyValueSpecification","valueRequired":true,"valueName":"search_term_string"}}],"inLanguage":"en-GB"},{"@type":"Organization","@id":"https:\/\/circularcamper.es\/#organization","name":"CircularCamper","url":"https:\/\/circularcamper.es\/","logo":{"@type":"ImageObject","inLanguage":"en-GB","@id":"https:\/\/circularcamper.es\/#\/schema\/logo\/image\/","url":"https:\/\/circularcamper.es\/wp-content\/uploads\/2024\/05\/cropped-logo_jpg-removebg-preview.png","contentUrl":"https:\/\/circularcamper.es\/wp-content\/uploads\/2024\/05\/cropped-logo_jpg-removebg-preview.png","width":512,"height":512,"caption":"CircularCamper"},"image":{"@id":"https:\/\/circularcamper.es\/#\/schema\/logo\/image\/"}}]}},"_hostinger_reach_plugin_has_subscription_block":false,"_hostinger_reach_plugin_is_elementor":false,"_links":{"self":[{"href":"https:\/\/circularcamper.es\/en\/wp-json\/wp\/v2\/pages\/219","targetHints":{"allow":["GET"]}}],"collection":[{"href":"https:\/\/circularcamper.es\/en\/wp-json\/wp\/v2\/pages"}],"about":[{"href":"https:\/\/circularcamper.es\/en\/wp-json\/wp\/v2\/types\/page"}],"author":[{"embeddable":true,"href":"https:\/\/circularcamper.es\/en\/wp-json\/wp\/v2\/users\/1"}],"replies":[{"embeddable":true,"href":"https:\/\/circularcamper.es\/en\/wp-json\/wp\/v2\/comments?post=219"}],"version-history":[{"count":34,"href":"https:\/\/circularcamper.es\/en\/wp-json\/wp\/v2\/pages\/219\/revisions"}],"predecessor-version":[{"id":783,"href":"https:\/\/circularcamper.es\/en\/wp-json\/wp\/v2\/pages\/219\/revisions\/783"}],"wp:attachment":[{"href":"https:\/\/circularcamper.es\/en\/wp-json\/wp\/v2\/media?parent=219"}],"curies":[{"name":"wp","href":"https:\/\/api.w.org\/{rel}","templated":true}]}}